{"id":2016,"date":"2019-08-22T11:35:52","date_gmt":"2019-08-22T14:35:52","guid":{"rendered":"http:\/\/marciadebski.com.br\/site\/?page_id=2016"},"modified":"2022-10-17T11:20:19","modified_gmt":"2022-10-17T14:20:19","slug":"home-2","status":"publish","type":"page","link":"https:\/\/marciadebski.com.br\/site\/","title":{"rendered":"Home"},"content":{"rendered":"\t\t<div data-elementor-type=\"wp-page\" data-elementor-id=\"2016\" class=\"elementor elementor-2016\" data-elementor-post-type=\"page\">\n\t\t\t\t\t\t<section class=\"elementor-section elementor-top-section elementor-element elementor-element-0cc4ecc elementor-section-boxed elementor-section-height-default elementor-section-height-default\" data-id=\"0cc4ecc\" data-element_type=\"section\" data-e-type=\"section\" id=\"sobre\" data-settings=\"{&quot;background_background&quot;:&quot;classic&quot;}\">\n\t\t\t\t\t\t<div class=\"elementor-container elementor-column-gap-default\">\n\t\t\t\t\t<div class=\"elementor-column elementor-col-50 elementor-top-column elementor-element elementor-element-376dab6\" data-id=\"376dab6\" data-element_type=\"column\" data-e-type=\"column\">\n\t\t\t<div class=\"elementor-widget-wrap elementor-element-populated\">\n\t\t\t\t\t\t<div class=\"elementor-element elementor-element-d77f519 elementor-widget elementor-widget-image\" data-id=\"d77f519\" data-element_type=\"widget\" data-e-type=\"widget\" data-widget_type=\"image.default\">\n\t\t\t\t<div class=\"elementor-widget-container\">\n\t\t\t\t\t\t\t\t\t\t\t\t\t\t\t<img fetchpriority=\"high\" decoding=\"async\" width=\"500\" height=\"500\" src=\"https:\/\/marciadebski.com.br\/site\/wp-content\/uploads\/2022\/09\/marcia-debski-2.jpg\" class=\"attachment-blog-loop size-blog-loop wp-image-5046\" alt=\"\" srcset=\"https:\/\/marciadebski.com.br\/site\/wp-content\/uploads\/2022\/09\/marcia-debski-2.jpg 500w, https:\/\/marciadebski.com.br\/site\/wp-content\/uploads\/2022\/09\/marcia-debski-2-300x300.jpg 300w, https:\/\/marciadebski.com.br\/site\/wp-content\/uploads\/2022\/09\/marcia-debski-2-150x150.jpg 150w\" sizes=\"(max-width: 500px) 100vw, 500px\" \/>\t\t\t\t\t\t\t\t\t\t\t\t\t\t\t<\/div>\n\t\t\t\t<\/div>\n\t\t\t\t\t<\/div>\n\t\t<\/div>\n\t\t\t\t<div class=\"elementor-column elementor-col-50 elementor-top-column elementor-element elementor-element-c454a58\" data-id=\"c454a58\" data-element_type=\"column\" data-e-type=\"column\">\n\t\t\t<div class=\"elementor-widget-wrap elementor-element-populated\">\n\t\t\t\t\t\t<div class=\"elementor-element elementor-element-d9f707c elementor-widget elementor-widget-heading\" data-id=\"d9f707c\" data-element_type=\"widget\" data-e-type=\"widget\" data-widget_type=\"heading.default\">\n\t\t\t\t<div class=\"elementor-widget-container\">\n\t\t\t\t\t<h2 class=\"elementor-heading-title elementor-size-default\">Minha Hist\u00f3ria<\/h2>\t\t\t\t<\/div>\n\t\t\t\t<\/div>\n\t\t\t\t<div class=\"elementor-element elementor-element-398bc39 elementor-widget elementor-widget-text-editor\" data-id=\"398bc39\" data-element_type=\"widget\" data-e-type=\"widget\" data-widget_type=\"text-editor.default\">\n\t\t\t\t<div class=\"elementor-widget-container\">\n\t\t\t\t\t\t\t\t\t<p>O gosto pela decora\u00e7\u00e3o vem desde o tempo em que trabalhei com m\u00f3veis junto com meus pais, propriet\u00e1rios de uma tradicional loja de m\u00f3veis na cidade. A vida tomou outros rumos, mas nova oportunidade surgiu, fazendo com que eu voltasse \u00e0 \u00e1rea do design, agora trabalhando com projetos residenciais, comerciais, corporativos e consultorias em decora\u00e7\u00e3o.<\/p><p>Formada em Design de Interiores pelo Senac Santos, venho atuando na \u00e1rea desde o in\u00edcio de 2010. Em 2015 me formei tamb\u00e9m como T\u00e9cnica em Edifica\u00e7\u00f5es, complementando minha forma\u00e7\u00e3o profissional, o que me proporcionou total autonomia na atua\u00e7\u00e3o em projetos e reformas de interiores.<\/p>\t\t\t\t\t\t\t\t<\/div>\n\t\t\t\t<\/div>\n\t\t\t\t<div class=\"elementor-element elementor-element-f8e92c3 elementor-mobile-align-center elementor-widget elementor-widget-button\" data-id=\"f8e92c3\" data-element_type=\"widget\" data-e-type=\"widget\" data-widget_type=\"button.default\">\n\t\t\t\t<div class=\"elementor-widget-container\">\n\t\t\t\t\t\t\t\t\t<div class=\"elementor-button-wrapper\">\n\t\t\t\t\t<a class=\"elementor-button elementor-button-link elementor-size-sm\" href=\"https:\/\/marciadebski.com.br\/site\/minha-historia\/\">\n\t\t\t\t\t\t<span class=\"elementor-button-content-wrapper\">\n\t\t\t\t\t\t\t\t\t<span class=\"elementor-button-text\">SAIBA MAIS<\/span>\n\t\t\t\t\t<\/span>\n\t\t\t\t\t<\/a>\n\t\t\t\t<\/div>\n\t\t\t\t\t\t\t\t<\/div>\n\t\t\t\t<\/div>\n\t\t\t\t\t<\/div>\n\t\t<\/div>\n\t\t\t\t\t<\/div>\n\t\t<\/section>\n\t\t\t\t<\/div>\n\t\t","protected":false},"excerpt":{"rendered":"<p>Minha Hist\u00f3ria O gosto pela decora\u00e7\u00e3o vem desde o tempo em que trabalhei com m\u00f3veis junto com meus pais, propriet\u00e1rios de uma tradicional loja de m\u00f3veis na cidade. A vida tomou outros rumos, mas nova oportunidade surgiu, fazendo com que eu voltasse \u00e0 \u00e1rea do design, agora trabalhando com projetos residenciais, comerciais, corporativos e consultorias [&hellip;]<\/p>\n","protected":false},"author":1,"featured_media":0,"parent":0,"menu_order":0,"comment_status":"closed","ping_status":"closed","template":"page-home-elementor.php","meta":{"_acf_changed":false,"footnotes":""},"class_list":["post-2016","page","type-page","status-publish","hentry"],"acf":[],"yoast_head":"<!-- This site is optimized with the Yoast SEO plugin v27.4 - https:\/\/yoast.com\/product\/yoast-seo-wordpress\/ -->\n<title>Home - Marcia Debski Interiores<\/title>\n<meta name=\"description\" content=\"O gosto pela decora\u00e7\u00e3o vem desde o tempo em que trabalhei com m\u00f3veis junto com meus pais, propriet\u00e1rios de uma tradicional loja de m\u00f3veis...\" \/>\n<meta name=\"robots\" content=\"index, follow, max-snippet:-1, max-image-preview:large, max-video-preview:-1\" \/>\n<link rel=\"canonical\" href=\"https:\/\/marciadebski.com.br\/site\/\" \/>\n<meta property=\"og:locale\" content=\"pt_BR\" \/>\n<meta property=\"og:type\" content=\"article\" \/>\n<meta property=\"og:title\" content=\"Marcia Debski Interiores\" \/>\n<meta property=\"og:description\" content=\"O gosto pela decora\u00e7\u00e3o vem desde o tempo em que trabalhei com m\u00f3veis junto com meus pais, propriet\u00e1rios de uma tradicional loja de m\u00f3veis na cidade. A vida tomou outros rumos, mas nova oportunidade surgiu, fazendo com que eu voltasse \u00e0 \u00e1rea do design, agora trabalhando com projetos residenciais, comerciais, corporativos e consultorias em decora\u00e7\u00e3o.\" \/>\n<meta property=\"og:url\" content=\"https:\/\/marciadebski.com.br\/site\/\" \/>\n<meta property=\"og:site_name\" content=\"Marcia Debski Interiores\" \/>\n<meta property=\"article:modified_time\" content=\"2022-10-17T14:20:19+00:00\" \/>\n<meta property=\"og:image\" content=\"https:\/\/marciadebski.com.br\/site\/wp-content\/uploads\/2021\/09\/slide-desktop-marcia-debski-2.jpg\" \/>\n\t<meta property=\"og:image:width\" content=\"1920\" \/>\n\t<meta property=\"og:image:height\" content=\"750\" \/>\n\t<meta property=\"og:image:type\" content=\"image\/jpeg\" \/>\n<meta name=\"twitter:card\" content=\"summary_large_image\" \/>\n<meta name=\"twitter:title\" content=\"Marcia Debski Interiores\" \/>\n<meta name=\"twitter:description\" content=\"O gosto pela decora\u00e7\u00e3o vem desde o tempo em que trabalhei com m\u00f3veis junto com meus pais, propriet\u00e1rios de uma tradicional loja de m\u00f3veis na cidade. A vida tomou outros rumos, mas nova oportunidade surgiu, fazendo com que eu voltasse \u00e0 \u00e1rea do design, agora trabalhando com projetos residenciais, comerciais, corporativos e consultorias em decora\u00e7\u00e3o.\" \/>\n<meta name=\"twitter:image\" content=\"https:\/\/marciadebski.com.br\/site\/wp-content\/uploads\/2021\/09\/slide-desktop-marcia-debski-2.jpg\" \/>\n<meta name=\"twitter:label1\" content=\"Est. tempo de leitura\" \/>\n\t<meta name=\"twitter:data1\" content=\"1 minuto\" \/>\n<script type=\"application\/ld+json\" class=\"yoast-schema-graph\">{\"@context\":\"https:\\\/\\\/schema.org\",\"@graph\":[{\"@type\":\"WebPage\",\"@id\":\"https:\\\/\\\/marciadebski.com.br\\\/site\\\/\",\"url\":\"https:\\\/\\\/marciadebski.com.br\\\/site\\\/\",\"name\":\"Home - Marcia Debski Interiores\",\"isPartOf\":{\"@id\":\"https:\\\/\\\/marciadebski.com.br\\\/site\\\/#website\"},\"primaryImageOfPage\":{\"@id\":\"https:\\\/\\\/marciadebski.com.br\\\/site\\\/#primaryimage\"},\"image\":{\"@id\":\"https:\\\/\\\/marciadebski.com.br\\\/site\\\/#primaryimage\"},\"thumbnailUrl\":\"https:\\\/\\\/marciadebski.com.br\\\/site\\\/wp-content\\\/uploads\\\/2022\\\/09\\\/marcia-debski-2.jpg\",\"datePublished\":\"2019-08-22T14:35:52+00:00\",\"dateModified\":\"2022-10-17T14:20:19+00:00\",\"description\":\"O gosto pela decora\u00e7\u00e3o vem desde o tempo em que trabalhei com m\u00f3veis junto com meus pais, propriet\u00e1rios de uma tradicional loja de m\u00f3veis...\",\"breadcrumb\":{\"@id\":\"https:\\\/\\\/marciadebski.com.br\\\/site\\\/#breadcrumb\"},\"inLanguage\":\"pt-BR\",\"potentialAction\":[{\"@type\":\"ReadAction\",\"target\":[\"https:\\\/\\\/marciadebski.com.br\\\/site\\\/\"]}]},{\"@type\":\"ImageObject\",\"inLanguage\":\"pt-BR\",\"@id\":\"https:\\\/\\\/marciadebski.com.br\\\/site\\\/#primaryimage\",\"url\":\"https:\\\/\\\/marciadebski.com.br\\\/site\\\/wp-content\\\/uploads\\\/2022\\\/09\\\/marcia-debski-2.jpg\",\"contentUrl\":\"https:\\\/\\\/marciadebski.com.br\\\/site\\\/wp-content\\\/uploads\\\/2022\\\/09\\\/marcia-debski-2.jpg\",\"width\":500,\"height\":500},{\"@type\":\"BreadcrumbList\",\"@id\":\"https:\\\/\\\/marciadebski.com.br\\\/site\\\/#breadcrumb\",\"itemListElement\":[{\"@type\":\"ListItem\",\"position\":1,\"name\":\"In\u00edcio\",\"item\":\"https:\\\/\\\/marciadebski.com.br\\\/site\\\/\"},{\"@type\":\"ListItem\",\"position\":2,\"name\":\"Home\"}]},{\"@type\":\"WebSite\",\"@id\":\"https:\\\/\\\/marciadebski.com.br\\\/site\\\/#website\",\"url\":\"https:\\\/\\\/marciadebski.com.br\\\/site\\\/\",\"name\":\"Marcia Debski Ferreira - Designer de Interiores\",\"description\":\"Designer de Interiores\",\"publisher\":{\"@id\":\"https:\\\/\\\/marciadebski.com.br\\\/site\\\/#organization\"},\"potentialAction\":[{\"@type\":\"SearchAction\",\"target\":{\"@type\":\"EntryPoint\",\"urlTemplate\":\"https:\\\/\\\/marciadebski.com.br\\\/site\\\/?s={search_term_string}\"},\"query-input\":{\"@type\":\"PropertyValueSpecification\",\"valueRequired\":true,\"valueName\":\"search_term_string\"}}],\"inLanguage\":\"pt-BR\"},{\"@type\":\"Organization\",\"@id\":\"https:\\\/\\\/marciadebski.com.br\\\/site\\\/#organization\",\"name\":\"Marcia Debski Ferreira - Designer de Interiores\",\"url\":\"https:\\\/\\\/marciadebski.com.br\\\/site\\\/\",\"logo\":{\"@type\":\"ImageObject\",\"inLanguage\":\"pt-BR\",\"@id\":\"https:\\\/\\\/marciadebski.com.br\\\/site\\\/#\\\/schema\\\/logo\\\/image\\\/\",\"url\":\"https:\\\/\\\/marciadebski.com.br\\\/site\\\/wp-content\\\/uploads\\\/2021\\\/09\\\/MARCIA-DEBSKI.png\",\"contentUrl\":\"https:\\\/\\\/marciadebski.com.br\\\/site\\\/wp-content\\\/uploads\\\/2021\\\/09\\\/MARCIA-DEBSKI.png\",\"width\":798,\"height\":234,\"caption\":\"Marcia Debski Ferreira - Designer de Interiores\"},\"image\":{\"@id\":\"https:\\\/\\\/marciadebski.com.br\\\/site\\\/#\\\/schema\\\/logo\\\/image\\\/\"}}]}<\/script>\n<!-- \/ Yoast SEO plugin. -->","yoast_head_json":{"title":"Home - Marcia Debski Interiores","description":"O gosto pela decora\u00e7\u00e3o vem desde o tempo em que trabalhei com m\u00f3veis junto com meus pais, propriet\u00e1rios de uma tradicional loja de m\u00f3veis...","robots":{"index":"index","follow":"follow","max-snippet":"max-snippet:-1","max-image-preview":"max-image-preview:large","max-video-preview":"max-video-preview:-1"},"canonical":"https:\/\/marciadebski.com.br\/site\/","og_locale":"pt_BR","og_type":"article","og_title":"Marcia Debski Interiores","og_description":"O gosto pela decora\u00e7\u00e3o vem desde o tempo em que trabalhei com m\u00f3veis junto com meus pais, propriet\u00e1rios de uma tradicional loja de m\u00f3veis na cidade. A vida tomou outros rumos, mas nova oportunidade surgiu, fazendo com que eu voltasse \u00e0 \u00e1rea do design, agora trabalhando com projetos residenciais, comerciais, corporativos e consultorias em decora\u00e7\u00e3o.","og_url":"https:\/\/marciadebski.com.br\/site\/","og_site_name":"Marcia Debski Interiores","article_modified_time":"2022-10-17T14:20:19+00:00","og_image":[{"width":1920,"height":750,"url":"https:\/\/marciadebski.com.br\/site\/wp-content\/uploads\/2021\/09\/slide-desktop-marcia-debski-2.jpg","type":"image\/jpeg"}],"twitter_card":"summary_large_image","twitter_title":"Marcia Debski Interiores","twitter_description":"O gosto pela decora\u00e7\u00e3o vem desde o tempo em que trabalhei com m\u00f3veis junto com meus pais, propriet\u00e1rios de uma tradicional loja de m\u00f3veis na cidade. A vida tomou outros rumos, mas nova oportunidade surgiu, fazendo com que eu voltasse \u00e0 \u00e1rea do design, agora trabalhando com projetos residenciais, comerciais, corporativos e consultorias em decora\u00e7\u00e3o.","twitter_image":"https:\/\/marciadebski.com.br\/site\/wp-content\/uploads\/2021\/09\/slide-desktop-marcia-debski-2.jpg","twitter_misc":{"Est. tempo de leitura":"1 minuto"},"schema":{"@context":"https:\/\/schema.org","@graph":[{"@type":"WebPage","@id":"https:\/\/marciadebski.com.br\/site\/","url":"https:\/\/marciadebski.com.br\/site\/","name":"Home - Marcia Debski Interiores","isPartOf":{"@id":"https:\/\/marciadebski.com.br\/site\/#website"},"primaryImageOfPage":{"@id":"https:\/\/marciadebski.com.br\/site\/#primaryimage"},"image":{"@id":"https:\/\/marciadebski.com.br\/site\/#primaryimage"},"thumbnailUrl":"https:\/\/marciadebski.com.br\/site\/wp-content\/uploads\/2022\/09\/marcia-debski-2.jpg","datePublished":"2019-08-22T14:35:52+00:00","dateModified":"2022-10-17T14:20:19+00:00","description":"O gosto pela decora\u00e7\u00e3o vem desde o tempo em que trabalhei com m\u00f3veis junto com meus pais, propriet\u00e1rios de uma tradicional loja de m\u00f3veis...","breadcrumb":{"@id":"https:\/\/marciadebski.com.br\/site\/#breadcrumb"},"inLanguage":"pt-BR","potentialAction":[{"@type":"ReadAction","target":["https:\/\/marciadebski.com.br\/site\/"]}]},{"@type":"ImageObject","inLanguage":"pt-BR","@id":"https:\/\/marciadebski.com.br\/site\/#primaryimage","url":"https:\/\/marciadebski.com.br\/site\/wp-content\/uploads\/2022\/09\/marcia-debski-2.jpg","contentUrl":"https:\/\/marciadebski.com.br\/site\/wp-content\/uploads\/2022\/09\/marcia-debski-2.jpg","width":500,"height":500},{"@type":"BreadcrumbList","@id":"https:\/\/marciadebski.com.br\/site\/#breadcrumb","itemListElement":[{"@type":"ListItem","position":1,"name":"In\u00edcio","item":"https:\/\/marciadebski.com.br\/site\/"},{"@type":"ListItem","position":2,"name":"Home"}]},{"@type":"WebSite","@id":"https:\/\/marciadebski.com.br\/site\/#website","url":"https:\/\/marciadebski.com.br\/site\/","name":"Marcia Debski Ferreira - Designer de Interiores","description":"Designer de Interiores","publisher":{"@id":"https:\/\/marciadebski.com.br\/site\/#organization"},"potentialAction":[{"@type":"SearchAction","target":{"@type":"EntryPoint","urlTemplate":"https:\/\/marciadebski.com.br\/site\/?s={search_term_string}"},"query-input":{"@type":"PropertyValueSpecification","valueRequired":true,"valueName":"search_term_string"}}],"inLanguage":"pt-BR"},{"@type":"Organization","@id":"https:\/\/marciadebski.com.br\/site\/#organization","name":"Marcia Debski Ferreira - Designer de Interiores","url":"https:\/\/marciadebski.com.br\/site\/","logo":{"@type":"ImageObject","inLanguage":"pt-BR","@id":"https:\/\/marciadebski.com.br\/site\/#\/schema\/logo\/image\/","url":"https:\/\/marciadebski.com.br\/site\/wp-content\/uploads\/2021\/09\/MARCIA-DEBSKI.png","contentUrl":"https:\/\/marciadebski.com.br\/site\/wp-content\/uploads\/2021\/09\/MARCIA-DEBSKI.png","width":798,"height":234,"caption":"Marcia Debski Ferreira - Designer de Interiores"},"image":{"@id":"https:\/\/marciadebski.com.br\/site\/#\/schema\/logo\/image\/"}}]}},"_links":{"self":[{"href":"https:\/\/marciadebski.com.br\/site\/wp-json\/wp\/v2\/pages\/2016","targetHints":{"allow":["GET"]}}],"collection":[{"href":"https:\/\/marciadebski.com.br\/site\/wp-json\/wp\/v2\/pages"}],"about":[{"href":"https:\/\/marciadebski.com.br\/site\/wp-json\/wp\/v2\/types\/page"}],"author":[{"embeddable":true,"href":"https:\/\/marciadebski.com.br\/site\/wp-json\/wp\/v2\/users\/1"}],"replies":[{"embeddable":true,"href":"https:\/\/marciadebski.com.br\/site\/wp-json\/wp\/v2\/comments?post=2016"}],"version-history":[{"count":464,"href":"https:\/\/marciadebski.com.br\/site\/wp-json\/wp\/v2\/pages\/2016\/revisions"}],"predecessor-version":[{"id":5135,"href":"https:\/\/marciadebski.com.br\/site\/wp-json\/wp\/v2\/pages\/2016\/revisions\/5135"}],"wp:attachment":[{"href":"https:\/\/marciadebski.com.br\/site\/wp-json\/wp\/v2\/media?parent=2016"}],"curies":[{"name":"wp","href":"https:\/\/api.w.org\/{rel}","templated":true}]}}