{"id":3784,"date":"2021-01-27T16:15:34","date_gmt":"2021-01-27T19:15:34","guid":{"rendered":"http:\/\/marciadebski.com.br\/site\/?page_id=3784"},"modified":"2024-05-15T10:18:35","modified_gmt":"2024-05-15T13:18:35","slug":"politica-de-privacidade","status":"publish","type":"page","link":"https:\/\/marciadebski.com.br\/site\/politica-de-privacidade\/","title":{"rendered":"Pol\u00edtica de Privacidade"},"content":{"rendered":"\t\t<div data-elementor-type=\"wp-page\" data-elementor-id=\"3784\" class=\"elementor elementor-3784\" data-elementor-post-type=\"page\">\n\t\t\t\t\t\t<section class=\"elementor-section elementor-top-section elementor-element elementor-element-244104df elementor-section-boxed elementor-section-height-default elementor-section-height-default\" data-id=\"244104df\" data-element_type=\"section\" data-e-type=\"section\" data-settings=\"{&quot;background_background&quot;:&quot;classic&quot;}\">\n\t\t\t\t\t\t<div class=\"elementor-container elementor-column-gap-default\">\n\t\t\t\t\t<div class=\"elementor-column elementor-col-100 elementor-top-column elementor-element elementor-element-3a8af48c\" data-id=\"3a8af48c\" data-element_type=\"column\" data-e-type=\"column\">\n\t\t\t<div class=\"elementor-widget-wrap elementor-element-populated\">\n\t\t\t\t\t\t<div class=\"elementor-element elementor-element-29ade303 elementor-widget elementor-widget-heading\" data-id=\"29ade303\" data-element_type=\"widget\" data-e-type=\"widget\" data-widget_type=\"heading.default\">\n\t\t\t\t<div class=\"elementor-widget-container\">\n\t\t\t\t\t<h2 class=\"elementor-heading-title elementor-size-default\">CL\u00c1USULA 1.<\/h2>\t\t\t\t<\/div>\n\t\t\t\t<\/div>\n\t\t\t\t<div class=\"elementor-element elementor-element-35bc5c34 elementor-widget elementor-widget-text-editor\" data-id=\"35bc5c34\" data-element_type=\"widget\" data-e-type=\"widget\" data-widget_type=\"text-editor.default\">\n\t\t\t\t<div class=\"elementor-widget-container\">\n\t\t\t\t\t\t\t\t\t<p>O TITULAR autoriza a CONTROLADORA, em raz\u00e3o de assinatura de contrato de presta\u00e7\u00e3o de servi\u00e7os, de acordo com os artigos 7\u00b0 e 11 da Lei n\u00b0 13.709\/2018, a realizar o tratamento, ou seja, a utilizar os seguintes dados pessoais, para os fins que est\u00e3o relacionados na cl\u00e1usula 2:<\/p><ul><li>Nome completo;<\/li><li>N\u00famero do Cadastro de Pessoas F\u00edsicas (CPF);<\/li><li>N\u00famero do Registro Geral (RG);<\/li><li>N\u00fameros de telefone fixo;<\/li><li>N\u00famero de telefone celular e cadastros no WhatsApp, Telegram e similares; e<\/li><li>Endere\u00e7os de e-mail.<\/li><\/ul>\t\t\t\t\t\t\t\t<\/div>\n\t\t\t\t<\/div>\n\t\t\t\t<div class=\"elementor-element elementor-element-e645d94 elementor-widget elementor-widget-spacer\" data-id=\"e645d94\" data-element_type=\"widget\" data-e-type=\"widget\" data-widget_type=\"spacer.default\">\n\t\t\t\t<div class=\"elementor-widget-container\">\n\t\t\t\t\t\t\t<div class=\"elementor-spacer\">\n\t\t\t<div class=\"elementor-spacer-inner\"><\/div>\n\t\t<\/div>\n\t\t\t\t\t\t<\/div>\n\t\t\t\t<\/div>\n\t\t\t\t<div class=\"elementor-element elementor-element-3900b48 elementor-widget elementor-widget-heading\" data-id=\"3900b48\" data-element_type=\"widget\" data-e-type=\"widget\" data-widget_type=\"heading.default\">\n\t\t\t\t<div class=\"elementor-widget-container\">\n\t\t\t\t\t<h2 class=\"elementor-heading-title elementor-size-default\">CL\u00c1USULA 2.<\/h2>\t\t\t\t<\/div>\n\t\t\t\t<\/div>\n\t\t\t\t<div class=\"elementor-element elementor-element-38a1349 elementor-widget elementor-widget-text-editor\" data-id=\"38a1349\" data-element_type=\"widget\" data-e-type=\"widget\" data-widget_type=\"text-editor.default\">\n\t\t\t\t<div class=\"elementor-widget-container\">\n\t\t\t\t\t\t\t\t\t<p>O TITULAR autoriza que a CONTROLADORA utilize os dados pessoais listados na CL\u00c1USULA 1, quer seja em meio f\u00edsico (papel) ou eletr\u00f4nico, para as seguintes finalidades:<\/p>\n<ul>\n<li>IDENTIFICA\u00c7\u00c3O do TITULAR;<\/li>\n<li>CUMPRIMENTO do OBJETO DO CONTRATO DE PRESTA\u00c7\u00c3O DE SERVI\u00c7OS;<\/li>\n<li>ENVIO DE MENSAGENS ELETR\u00d4NICAS POR MEIO DE SMS, WHATSAPP, TELEGRAM e outros meios similares, podendo, inclusive, fazer a inclus\u00e3o do TITULAR em grupos de clientes nas ferramentas citadas;<\/li>\n<li>ENVIO DE E-MAILS, podendo enviar como c\u00f3pia oculta ou n\u00e3o;<\/li>\n<li>ENVIO DE MATERIAIS pertinentes ao contrato de presta\u00e7\u00e3o de servi\u00e7os;<\/li>\n<li>PESQUISA DE OPINI\u00c3O, an\u00f4nima ou n\u00e3o;<\/li>\n<li>ENVIO E COLETA DE RESPOSTAS em formul\u00e1rios;<\/li>\n<li>Para cumprimento de obriga\u00e7\u00f5es decorrentes da legisla\u00e7\u00e3o;<\/li>\n<\/ul>\n<p>CL\u00c1USULA 2.1. Caso seja necess\u00e1rio o compartilhamento de dados com terceiros para finalidades que n\u00e3o tenham sido relacionadas nesse termo ou qualquer altera\u00e7\u00e3o contratual posterior, isso ser\u00e1 feito em novo termo de consentimento.<\/p>\n<p>CL\u00c1USULA 2.2. Em caso de altera\u00e7\u00e3o na finalidade, que esteja em desacordo com o consentimento original, a Controladora dever\u00e1 comunicar o Titular, que poder\u00e1 revogar o consentimento, conforme previsto na cl\u00e1usula 6.<\/p>\t\t\t\t\t\t\t\t<\/div>\n\t\t\t\t<\/div>\n\t\t\t\t<div class=\"elementor-element elementor-element-998be84 elementor-widget elementor-widget-spacer\" data-id=\"998be84\" data-element_type=\"widget\" data-e-type=\"widget\" data-widget_type=\"spacer.default\">\n\t\t\t\t<div class=\"elementor-widget-container\">\n\t\t\t\t\t\t\t<div class=\"elementor-spacer\">\n\t\t\t<div class=\"elementor-spacer-inner\"><\/div>\n\t\t<\/div>\n\t\t\t\t\t\t<\/div>\n\t\t\t\t<\/div>\n\t\t\t\t<div class=\"elementor-element elementor-element-6415b2a elementor-widget elementor-widget-heading\" data-id=\"6415b2a\" data-element_type=\"widget\" data-e-type=\"widget\" data-widget_type=\"heading.default\">\n\t\t\t\t<div class=\"elementor-widget-container\">\n\t\t\t\t\t<h2 class=\"elementor-heading-title elementor-size-default\">CL\u00c1USULA 3.<\/h2>\t\t\t\t<\/div>\n\t\t\t\t<\/div>\n\t\t\t\t<div class=\"elementor-element elementor-element-405fe76 elementor-widget elementor-widget-text-editor\" data-id=\"405fe76\" data-element_type=\"widget\" data-e-type=\"widget\" data-widget_type=\"text-editor.default\">\n\t\t\t\t<div class=\"elementor-widget-container\">\n\t\t\t\t\t\t\t\t\t<p>A CONTROLADORA fica autorizada a compartilhar os dados pessoais do Titular com outros agentes de tratamento de dados, caso seja necess\u00e1rio para as finalidades listadas neste instrumento (por exemplo: fornecedores, para fins de obten\u00e7\u00e3o de or\u00e7amentos, provedores de e-mail, aplicativos de mensagens e outras empresas necess\u00e1rias ao atingimento da finalidade desse documento) desde que, sejam respeitados os princ\u00edpios da boa-f\u00e9, finalidade, adequa\u00e7\u00e3o, necessidade, livre acesso, qualidade dos dados, transpar\u00eancia, seguran\u00e7a, preven\u00e7\u00e3o, n\u00e3o discrimina\u00e7\u00e3o e responsabiliza\u00e7\u00e3o e presta\u00e7\u00e3o de contas.<\/p>\t\t\t\t\t\t\t\t<\/div>\n\t\t\t\t<\/div>\n\t\t\t\t<div class=\"elementor-element elementor-element-f4e734a elementor-widget elementor-widget-spacer\" data-id=\"f4e734a\" data-element_type=\"widget\" data-e-type=\"widget\" data-widget_type=\"spacer.default\">\n\t\t\t\t<div class=\"elementor-widget-container\">\n\t\t\t\t\t\t\t<div class=\"elementor-spacer\">\n\t\t\t<div class=\"elementor-spacer-inner\"><\/div>\n\t\t<\/div>\n\t\t\t\t\t\t<\/div>\n\t\t\t\t<\/div>\n\t\t\t\t<div class=\"elementor-element elementor-element-215e07c elementor-widget elementor-widget-heading\" data-id=\"215e07c\" data-element_type=\"widget\" data-e-type=\"widget\" data-widget_type=\"heading.default\">\n\t\t\t\t<div class=\"elementor-widget-container\">\n\t\t\t\t\t<h2 class=\"elementor-heading-title elementor-size-default\">CL\u00c1USULA 4.<\/h2>\t\t\t\t<\/div>\n\t\t\t\t<\/div>\n\t\t\t\t<div class=\"elementor-element elementor-element-84504e5 elementor-widget elementor-widget-text-editor\" data-id=\"84504e5\" data-element_type=\"widget\" data-e-type=\"widget\" data-widget_type=\"text-editor.default\">\n\t\t\t\t<div class=\"elementor-widget-container\">\n\t\t\t\t\t\t\t\t\t<p>A CONTROLADORA se responsabiliza por manter medidas de seguran\u00e7a, t\u00e9cnicas e administrativas suficientes a proteger os dados pessoais do Titular e \u00e0 Autoridade Nacional de Prote\u00e7\u00e3o de Dados (ANPD), comunicando ao Titular, caso ocorra algum incidente de seguran\u00e7a que possa acarretar risco ou dano relevante.<\/p>\t\t\t\t\t\t\t\t<\/div>\n\t\t\t\t<\/div>\n\t\t\t\t<div class=\"elementor-element elementor-element-4c1c428 elementor-widget elementor-widget-spacer\" data-id=\"4c1c428\" data-element_type=\"widget\" data-e-type=\"widget\" data-widget_type=\"spacer.default\">\n\t\t\t\t<div class=\"elementor-widget-container\">\n\t\t\t\t\t\t\t<div class=\"elementor-spacer\">\n\t\t\t<div class=\"elementor-spacer-inner\"><\/div>\n\t\t<\/div>\n\t\t\t\t\t\t<\/div>\n\t\t\t\t<\/div>\n\t\t\t\t<div class=\"elementor-element elementor-element-0455f49 elementor-widget elementor-widget-heading\" data-id=\"0455f49\" data-element_type=\"widget\" data-e-type=\"widget\" data-widget_type=\"heading.default\">\n\t\t\t\t<div class=\"elementor-widget-container\">\n\t\t\t\t\t<h2 class=\"elementor-heading-title elementor-size-default\">CL\u00c1USULA 5.<\/h2>\t\t\t\t<\/div>\n\t\t\t\t<\/div>\n\t\t\t\t<div class=\"elementor-element elementor-element-515aad2 elementor-widget elementor-widget-text-editor\" data-id=\"515aad2\" data-element_type=\"widget\" data-e-type=\"widget\" data-widget_type=\"text-editor.default\">\n\t\t\t\t<div class=\"elementor-widget-container\">\n\t\t\t\t\t\t\t\t\t<p>A CONTROLADORA fica autorizada a manter e utilizar os dados pessoais do Titular durante todo o per\u00edodo contratualmente firmado para as finalidades relacionadas nesse termo e ainda ap\u00f3s o t\u00e9rmino da contrata\u00e7\u00e3o para fins de envio de novas oportunidades de presta\u00e7\u00e3o de servi\u00e7os e para o cumprimento de obriga\u00e7\u00e3o legal ou impostas por \u00f3rg\u00e3os de fiscaliza\u00e7\u00e3o.<\/p>\t\t\t\t\t\t\t\t<\/div>\n\t\t\t\t<\/div>\n\t\t\t\t<div class=\"elementor-element elementor-element-e5cf99f elementor-widget elementor-widget-spacer\" data-id=\"e5cf99f\" data-element_type=\"widget\" data-e-type=\"widget\" data-widget_type=\"spacer.default\">\n\t\t\t\t<div class=\"elementor-widget-container\">\n\t\t\t\t\t\t\t<div class=\"elementor-spacer\">\n\t\t\t<div class=\"elementor-spacer-inner\"><\/div>\n\t\t<\/div>\n\t\t\t\t\t\t<\/div>\n\t\t\t\t<\/div>\n\t\t\t\t<div class=\"elementor-element elementor-element-ec064b3 elementor-widget elementor-widget-heading\" data-id=\"ec064b3\" data-element_type=\"widget\" data-e-type=\"widget\" data-widget_type=\"heading.default\">\n\t\t\t\t<div class=\"elementor-widget-container\">\n\t\t\t\t\t<h2 class=\"elementor-heading-title elementor-size-default\">CL\u00c1USULA 6.<\/h2>\t\t\t\t<\/div>\n\t\t\t\t<\/div>\n\t\t\t\t<div class=\"elementor-element elementor-element-b447df6 elementor-widget elementor-widget-text-editor\" data-id=\"b447df6\" data-element_type=\"widget\" data-e-type=\"widget\" data-widget_type=\"text-editor.default\">\n\t\t\t\t<div class=\"elementor-widget-container\">\n\t\t\t\t\t\t\t\t\t<p>O TITULAR poder\u00e1 revogar seu consentimento, a qualquer tempo, por e-mail ou por carta escrita, ou no pr\u00f3prio site www.marciadebski.com.br, ficando ciente que a CONTROLADORA poder\u00e1 permanecer utilizando os dados para as seguintes finalidades:<\/p><ul><li>Para cumprimento, pela Controladora, de obriga\u00e7\u00f5es impostas pela Lei ou por \u00d3rg\u00e3os de Fiscaliza\u00e7\u00e3o;<\/li><li>Para o exerc\u00edcio regular de direitos em processo judicial, administrativo ou arbitral; e<\/li><li>Para fins de estat\u00edstica e diversos, desde que realizada a anonimiza\u00e7\u00e3o dos dados.<\/li><\/ul>\t\t\t\t\t\t\t\t<\/div>\n\t\t\t\t<\/div>\n\t\t\t\t<div class=\"elementor-element elementor-element-7dcc4a9 elementor-widget elementor-widget-spacer\" data-id=\"7dcc4a9\" data-element_type=\"widget\" data-e-type=\"widget\" data-widget_type=\"spacer.default\">\n\t\t\t\t<div class=\"elementor-widget-container\">\n\t\t\t\t\t\t\t<div class=\"elementor-spacer\">\n\t\t\t<div class=\"elementor-spacer-inner\"><\/div>\n\t\t<\/div>\n\t\t\t\t\t\t<\/div>\n\t\t\t\t<\/div>\n\t\t\t\t<div class=\"elementor-element elementor-element-c81f533 elementor-widget elementor-widget-heading\" data-id=\"c81f533\" data-element_type=\"widget\" data-e-type=\"widget\" data-widget_type=\"heading.default\">\n\t\t\t\t<div class=\"elementor-widget-container\">\n\t\t\t\t\t<h2 class=\"elementor-heading-title elementor-size-default\">CL\u00c1USULA 7.<\/h2>\t\t\t\t<\/div>\n\t\t\t\t<\/div>\n\t\t\t\t<div class=\"elementor-element elementor-element-d64acab elementor-widget elementor-widget-text-editor\" data-id=\"d64acab\" data-element_type=\"widget\" data-e-type=\"widget\" data-widget_type=\"text-editor.default\">\n\t\t\t\t<div class=\"elementor-widget-container\">\n\t\t\t\t\t\t\t\t\t<p>O TITULAR fica ciente de que a Controladora dever\u00e1 permanecer com os seus dados pelo per\u00edodo m\u00e1ximo de 48 (quarenta e oito) meses.<\/p>\t\t\t\t\t\t\t\t<\/div>\n\t\t\t\t<\/div>\n\t\t\t\t\t<\/div>\n\t\t<\/div>\n\t\t\t\t\t<\/div>\n\t\t<\/section>\n\t\t\t\t<\/div>\n\t\t","protected":false},"excerpt":{"rendered":"<p>CL\u00c1USULA 1. O TITULAR autoriza a CONTROLADORA, em raz\u00e3o de assinatura de contrato de presta\u00e7\u00e3o de servi\u00e7os, de acordo com os artigos 7\u00b0 e 11 da Lei n\u00b0 13.709\/2018, a realizar o tratamento, ou seja, a utilizar os seguintes dados pessoais, para os fins que est\u00e3o relacionados na cl\u00e1usula 2: Nome completo; N\u00famero do Cadastro [&hellip;]<\/p>\n","protected":false},"author":1,"featured_media":0,"parent":0,"menu_order":0,"comment_status":"closed","ping_status":"closed","template":"page-elementor.php","meta":{"_acf_changed":false,"footnotes":""},"class_list":["post-3784","page","type-page","status-publish","hentry"],"acf":[],"yoast_head":"<!-- This site is optimized with the Yoast SEO plugin v27.4 - https:\/\/yoast.com\/product\/yoast-seo-wordpress\/ -->\n<title>Pol\u00edtica de Privacidade - Marcia Debski Interiores<\/title>\n<meta name=\"robots\" content=\"index, follow, max-snippet:-1, max-image-preview:large, max-video-preview:-1\" \/>\n<link rel=\"canonical\" href=\"https:\/\/marciadebski.com.br\/site\/politica-de-privacidade\/\" \/>\n<meta property=\"og:locale\" content=\"pt_BR\" \/>\n<meta property=\"og:type\" content=\"article\" \/>\n<meta property=\"og:title\" content=\"Pol\u00edtica de Privacidade - Marcia Debski Interiores\" \/>\n<meta property=\"og:description\" content=\"CL\u00c1USULA 1. O TITULAR autoriza a CONTROLADORA, em raz\u00e3o de assinatura de contrato de presta\u00e7\u00e3o de servi\u00e7os, de acordo com os artigos 7\u00b0 e 11 da Lei n\u00b0 13.709\/2018, a realizar o tratamento, ou seja, a utilizar os seguintes dados pessoais, para os fins que est\u00e3o relacionados na cl\u00e1usula 2: Nome completo; N\u00famero do Cadastro [&hellip;]\" \/>\n<meta property=\"og:url\" content=\"https:\/\/marciadebski.com.br\/site\/politica-de-privacidade\/\" \/>\n<meta property=\"og:site_name\" content=\"Marcia Debski Interiores\" \/>\n<meta property=\"article:modified_time\" content=\"2024-05-15T13:18:35+00:00\" \/>\n<meta name=\"twitter:card\" content=\"summary_large_image\" \/>\n<meta name=\"twitter:label1\" content=\"Est. tempo de leitura\" \/>\n\t<meta name=\"twitter:data1\" content=\"3 minutos\" \/>\n<script type=\"application\/ld+json\" class=\"yoast-schema-graph\">{\"@context\":\"https:\\\/\\\/schema.org\",\"@graph\":[{\"@type\":\"WebPage\",\"@id\":\"https:\\\/\\\/marciadebski.com.br\\\/site\\\/politica-de-privacidade\\\/\",\"url\":\"https:\\\/\\\/marciadebski.com.br\\\/site\\\/politica-de-privacidade\\\/\",\"name\":\"Pol\u00edtica de Privacidade - Marcia Debski Interiores\",\"isPartOf\":{\"@id\":\"https:\\\/\\\/marciadebski.com.br\\\/site\\\/#website\"},\"datePublished\":\"2021-01-27T19:15:34+00:00\",\"dateModified\":\"2024-05-15T13:18:35+00:00\",\"breadcrumb\":{\"@id\":\"https:\\\/\\\/marciadebski.com.br\\\/site\\\/politica-de-privacidade\\\/#breadcrumb\"},\"inLanguage\":\"pt-BR\",\"potentialAction\":[{\"@type\":\"ReadAction\",\"target\":[\"https:\\\/\\\/marciadebski.com.br\\\/site\\\/politica-de-privacidade\\\/\"]}]},{\"@type\":\"BreadcrumbList\",\"@id\":\"https:\\\/\\\/marciadebski.com.br\\\/site\\\/politica-de-privacidade\\\/#breadcrumb\",\"itemListElement\":[{\"@type\":\"ListItem\",\"position\":1,\"name\":\"In\u00edcio\",\"item\":\"https:\\\/\\\/marciadebski.com.br\\\/site\\\/\"},{\"@type\":\"ListItem\",\"position\":2,\"name\":\"Pol\u00edtica de Privacidade\"}]},{\"@type\":\"WebSite\",\"@id\":\"https:\\\/\\\/marciadebski.com.br\\\/site\\\/#website\",\"url\":\"https:\\\/\\\/marciadebski.com.br\\\/site\\\/\",\"name\":\"Marcia Debski Ferreira - Designer de Interiores\",\"description\":\"Designer de Interiores\",\"publisher\":{\"@id\":\"https:\\\/\\\/marciadebski.com.br\\\/site\\\/#organization\"},\"potentialAction\":[{\"@type\":\"SearchAction\",\"target\":{\"@type\":\"EntryPoint\",\"urlTemplate\":\"https:\\\/\\\/marciadebski.com.br\\\/site\\\/?s={search_term_string}\"},\"query-input\":{\"@type\":\"PropertyValueSpecification\",\"valueRequired\":true,\"valueName\":\"search_term_string\"}}],\"inLanguage\":\"pt-BR\"},{\"@type\":\"Organization\",\"@id\":\"https:\\\/\\\/marciadebski.com.br\\\/site\\\/#organization\",\"name\":\"Marcia Debski Ferreira - Designer de Interiores\",\"url\":\"https:\\\/\\\/marciadebski.com.br\\\/site\\\/\",\"logo\":{\"@type\":\"ImageObject\",\"inLanguage\":\"pt-BR\",\"@id\":\"https:\\\/\\\/marciadebski.com.br\\\/site\\\/#\\\/schema\\\/logo\\\/image\\\/\",\"url\":\"https:\\\/\\\/marciadebski.com.br\\\/site\\\/wp-content\\\/uploads\\\/2021\\\/09\\\/MARCIA-DEBSKI.png\",\"contentUrl\":\"https:\\\/\\\/marciadebski.com.br\\\/site\\\/wp-content\\\/uploads\\\/2021\\\/09\\\/MARCIA-DEBSKI.png\",\"width\":798,\"height\":234,\"caption\":\"Marcia Debski Ferreira - Designer de Interiores\"},\"image\":{\"@id\":\"https:\\\/\\\/marciadebski.com.br\\\/site\\\/#\\\/schema\\\/logo\\\/image\\\/\"}}]}<\/script>\n<!-- \/ Yoast SEO plugin. -->","yoast_head_json":{"title":"Pol\u00edtica de Privacidade - Marcia Debski Interiores","robots":{"index":"index","follow":"follow","max-snippet":"max-snippet:-1","max-image-preview":"max-image-preview:large","max-video-preview":"max-video-preview:-1"},"canonical":"https:\/\/marciadebski.com.br\/site\/politica-de-privacidade\/","og_locale":"pt_BR","og_type":"article","og_title":"Pol\u00edtica de Privacidade - Marcia Debski Interiores","og_description":"CL\u00c1USULA 1. O TITULAR autoriza a CONTROLADORA, em raz\u00e3o de assinatura de contrato de presta\u00e7\u00e3o de servi\u00e7os, de acordo com os artigos 7\u00b0 e 11 da Lei n\u00b0 13.709\/2018, a realizar o tratamento, ou seja, a utilizar os seguintes dados pessoais, para os fins que est\u00e3o relacionados na cl\u00e1usula 2: Nome completo; N\u00famero do Cadastro [&hellip;]","og_url":"https:\/\/marciadebski.com.br\/site\/politica-de-privacidade\/","og_site_name":"Marcia Debski Interiores","article_modified_time":"2024-05-15T13:18:35+00:00","twitter_card":"summary_large_image","twitter_misc":{"Est. tempo de leitura":"3 minutos"},"schema":{"@context":"https:\/\/schema.org","@graph":[{"@type":"WebPage","@id":"https:\/\/marciadebski.com.br\/site\/politica-de-privacidade\/","url":"https:\/\/marciadebski.com.br\/site\/politica-de-privacidade\/","name":"Pol\u00edtica de Privacidade - Marcia Debski Interiores","isPartOf":{"@id":"https:\/\/marciadebski.com.br\/site\/#website"},"datePublished":"2021-01-27T19:15:34+00:00","dateModified":"2024-05-15T13:18:35+00:00","breadcrumb":{"@id":"https:\/\/marciadebski.com.br\/site\/politica-de-privacidade\/#breadcrumb"},"inLanguage":"pt-BR","potentialAction":[{"@type":"ReadAction","target":["https:\/\/marciadebski.com.br\/site\/politica-de-privacidade\/"]}]},{"@type":"BreadcrumbList","@id":"https:\/\/marciadebski.com.br\/site\/politica-de-privacidade\/#breadcrumb","itemListElement":[{"@type":"ListItem","position":1,"name":"In\u00edcio","item":"https:\/\/marciadebski.com.br\/site\/"},{"@type":"ListItem","position":2,"name":"Pol\u00edtica de Privacidade"}]},{"@type":"WebSite","@id":"https:\/\/marciadebski.com.br\/site\/#website","url":"https:\/\/marciadebski.com.br\/site\/","name":"Marcia Debski Ferreira - Designer de Interiores","description":"Designer de Interiores","publisher":{"@id":"https:\/\/marciadebski.com.br\/site\/#organization"},"potentialAction":[{"@type":"SearchAction","target":{"@type":"EntryPoint","urlTemplate":"https:\/\/marciadebski.com.br\/site\/?s={search_term_string}"},"query-input":{"@type":"PropertyValueSpecification","valueRequired":true,"valueName":"search_term_string"}}],"inLanguage":"pt-BR"},{"@type":"Organization","@id":"https:\/\/marciadebski.com.br\/site\/#organization","name":"Marcia Debski Ferreira - Designer de Interiores","url":"https:\/\/marciadebski.com.br\/site\/","logo":{"@type":"ImageObject","inLanguage":"pt-BR","@id":"https:\/\/marciadebski.com.br\/site\/#\/schema\/logo\/image\/","url":"https:\/\/marciadebski.com.br\/site\/wp-content\/uploads\/2021\/09\/MARCIA-DEBSKI.png","contentUrl":"https:\/\/marciadebski.com.br\/site\/wp-content\/uploads\/2021\/09\/MARCIA-DEBSKI.png","width":798,"height":234,"caption":"Marcia Debski Ferreira - Designer de Interiores"},"image":{"@id":"https:\/\/marciadebski.com.br\/site\/#\/schema\/logo\/image\/"}}]}},"_links":{"self":[{"href":"https:\/\/marciadebski.com.br\/site\/wp-json\/wp\/v2\/pages\/3784","targetHints":{"allow":["GET"]}}],"collection":[{"href":"https:\/\/marciadebski.com.br\/site\/wp-json\/wp\/v2\/pages"}],"about":[{"href":"https:\/\/marciadebski.com.br\/site\/wp-json\/wp\/v2\/types\/page"}],"author":[{"embeddable":true,"href":"https:\/\/marciadebski.com.br\/site\/wp-json\/wp\/v2\/users\/1"}],"replies":[{"embeddable":true,"href":"https:\/\/marciadebski.com.br\/site\/wp-json\/wp\/v2\/comments?post=3784"}],"version-history":[{"count":26,"href":"https:\/\/marciadebski.com.br\/site\/wp-json\/wp\/v2\/pages\/3784\/revisions"}],"predecessor-version":[{"id":5291,"href":"https:\/\/marciadebski.com.br\/site\/wp-json\/wp\/v2\/pages\/3784\/revisions\/5291"}],"wp:attachment":[{"href":"https:\/\/marciadebski.com.br\/site\/wp-json\/wp\/v2\/media?parent=3784"}],"curies":[{"name":"wp","href":"https:\/\/api.w.org\/{rel}","templated":true}]}}