{"id":4081,"date":"2021-07-28T14:48:20","date_gmt":"2021-07-28T17:48:20","guid":{"rendered":"https:\/\/marciadebski.com.br\/site\/?page_id=4081"},"modified":"2021-10-20T15:56:50","modified_gmt":"2021-10-20T18:56:50","slug":"playlists","status":"publish","type":"page","link":"https:\/\/marciadebski.com.br\/site\/playlists\/","title":{"rendered":"Playlists"},"content":{"rendered":"\t\t<div data-elementor-type=\"wp-page\" data-elementor-id=\"4081\" class=\"elementor elementor-4081\" data-elementor-post-type=\"page\">\n\t\t\t\t\t\t<section class=\"elementor-section elementor-top-section elementor-element elementor-element-a3fa7e4 elementor-section-boxed elementor-section-height-default elementor-section-height-default\" data-id=\"a3fa7e4\" data-element_type=\"section\" data-e-type=\"section\">\n\t\t\t\t\t\t<div class=\"elementor-container elementor-column-gap-default\">\n\t\t\t\t\t<div class=\"elementor-column elementor-col-100 elementor-top-column elementor-element elementor-element-b213213\" data-id=\"b213213\" data-element_type=\"column\" data-e-type=\"column\">\n\t\t\t<div class=\"elementor-widget-wrap elementor-element-populated\">\n\t\t\t\t\t\t<div class=\"elementor-element elementor-element-5a1c6ba elementor-widget elementor-widget-text-editor\" data-id=\"5a1c6ba\" data-element_type=\"widget\" data-e-type=\"widget\" data-widget_type=\"text-editor.default\">\n\t\t\t\t<div class=\"elementor-widget-container\">\n\t\t\t\t\t\t\t\t\t<p>A m\u00fasica inspira, relaxa, anima, faz pensar, viajar, sonhar. Faz mudar! E pensando em tudo isso, preparei para voc\u00ea essas playlists especiais para esse momento de mudan\u00e7as e transforma\u00e7\u00f5es pelas quais voc\u00ea est\u00e1 passando no seu novo (ou renovado) espa\u00e7o! Aproveite&#8230;<\/p>\t\t\t\t\t\t\t\t<\/div>\n\t\t\t\t<\/div>\n\t\t\t\t<section class=\"elementor-section elementor-inner-section elementor-element elementor-element-9886c58 elementor-section-boxed elementor-section-height-default elementor-section-height-default\" data-id=\"9886c58\" data-element_type=\"section\" data-e-type=\"section\">\n\t\t\t\t\t\t<div class=\"elementor-container elementor-column-gap-default\">\n\t\t\t\t\t<div class=\"elementor-column elementor-col-25 elementor-inner-column elementor-element elementor-element-450d146\" data-id=\"450d146\" data-element_type=\"column\" data-e-type=\"column\">\n\t\t\t<div class=\"elementor-widget-wrap\">\n\t\t\t\t\t\t\t<\/div>\n\t\t<\/div>\n\t\t\t\t<div class=\"elementor-column elementor-col-25 elementor-inner-column elementor-element elementor-element-d8f31c5\" data-id=\"d8f31c5\" data-element_type=\"column\" data-e-type=\"column\">\n\t\t\t<div class=\"elementor-widget-wrap elementor-element-populated\">\n\t\t\t\t\t\t<div class=\"elementor-element elementor-element-12bd702 elementor-widget elementor-widget-image\" data-id=\"12bd702\" data-element_type=\"widget\" data-e-type=\"widget\" data-widget_type=\"image.default\">\n\t\t\t\t<div class=\"elementor-widget-container\">\n\t\t\t\t\t\t\t\t\t\t\t\t\t\t\t\t<a href=\"https:\/\/open.spotify.com\/playlist\/3z7f6Ju2E5EzFuYVq4pFB9?si=b67ea471cfc141c4&#038;nd=1\" target=\"_blank\">\n\t\t\t\t\t\t\t<img fetchpriority=\"high\" decoding=\"async\" width=\"640\" height=\"640\" src=\"https:\/\/marciadebski.com.br\/site\/wp-content\/uploads\/2021\/08\/1-1024x1024.jpg\" class=\"attachment-large size-large wp-image-4388\" alt=\"Marcia Debski Ferreira - Designer de Interiores\" srcset=\"https:\/\/marciadebski.com.br\/site\/wp-content\/uploads\/2021\/08\/1-1024x1024.jpg 1024w, https:\/\/marciadebski.com.br\/site\/wp-content\/uploads\/2021\/08\/1-300x300.jpg 300w, https:\/\/marciadebski.com.br\/site\/wp-content\/uploads\/2021\/08\/1-150x150.jpg 150w, https:\/\/marciadebski.com.br\/site\/wp-content\/uploads\/2021\/08\/1-768x768.jpg 768w, https:\/\/marciadebski.com.br\/site\/wp-content\/uploads\/2021\/08\/1-700x700.jpg 700w, https:\/\/marciadebski.com.br\/site\/wp-content\/uploads\/2021\/08\/1.jpg 1080w\" sizes=\"(max-width: 640px) 100vw, 640px\" \/>\t\t\t\t\t\t\t\t<\/a>\n\t\t\t\t\t\t\t\t\t\t\t\t\t\t\t<\/div>\n\t\t\t\t<\/div>\n\t\t\t\t\t<\/div>\n\t\t<\/div>\n\t\t\t\t<div class=\"elementor-column elementor-col-25 elementor-inner-column elementor-element elementor-element-5764731\" data-id=\"5764731\" data-element_type=\"column\" data-e-type=\"column\">\n\t\t\t<div class=\"elementor-widget-wrap elementor-element-populated\">\n\t\t\t\t\t\t<div class=\"elementor-element elementor-element-8c75be4 elementor-widget elementor-widget-image\" data-id=\"8c75be4\" data-element_type=\"widget\" data-e-type=\"widget\" data-widget_type=\"image.default\">\n\t\t\t\t<div class=\"elementor-widget-container\">\n\t\t\t\t\t\t\t\t\t\t\t\t\t\t\t\t<a href=\"https:\/\/open.spotify.com\/playlist\/6lu6FmotDI23TwULWKeEbi?si=78e8a80a612a497e&#038;nd=1\" target=\"_blank\">\n\t\t\t\t\t\t\t<img decoding=\"async\" width=\"640\" height=\"640\" src=\"https:\/\/marciadebski.com.br\/site\/wp-content\/uploads\/2021\/08\/2-1024x1024.jpg\" class=\"attachment-large size-large wp-image-4389\" alt=\"Marcia Debski Ferreira - Designer de Interiores\" srcset=\"https:\/\/marciadebski.com.br\/site\/wp-content\/uploads\/2021\/08\/2-1024x1024.jpg 1024w, https:\/\/marciadebski.com.br\/site\/wp-content\/uploads\/2021\/08\/2-300x300.jpg 300w, https:\/\/marciadebski.com.br\/site\/wp-content\/uploads\/2021\/08\/2-150x150.jpg 150w, https:\/\/marciadebski.com.br\/site\/wp-content\/uploads\/2021\/08\/2-768x768.jpg 768w, https:\/\/marciadebski.com.br\/site\/wp-content\/uploads\/2021\/08\/2-700x700.jpg 700w, https:\/\/marciadebski.com.br\/site\/wp-content\/uploads\/2021\/08\/2.jpg 1080w\" sizes=\"(max-width: 640px) 100vw, 640px\" \/>\t\t\t\t\t\t\t\t<\/a>\n\t\t\t\t\t\t\t\t\t\t\t\t\t\t\t<\/div>\n\t\t\t\t<\/div>\n\t\t\t\t\t<\/div>\n\t\t<\/div>\n\t\t\t\t<div class=\"elementor-column elementor-col-25 elementor-inner-column elementor-element elementor-element-5fa348e\" data-id=\"5fa348e\" data-element_type=\"column\" data-e-type=\"column\">\n\t\t\t<div class=\"elementor-widget-wrap\">\n\t\t\t\t\t\t\t<\/div>\n\t\t<\/div>\n\t\t\t\t\t<\/div>\n\t\t<\/section>\n\t\t\t\t\t<\/div>\n\t\t<\/div>\n\t\t\t\t\t<\/div>\n\t\t<\/section>\n\t\t\t\t<\/div>\n\t\t","protected":false},"excerpt":{"rendered":"<p>A m\u00fasica inspira, relaxa, anima, faz pensar, viajar, sonhar. Faz mudar! E pensando em tudo isso, preparei para voc\u00ea essas playlists especiais para esse momento de mudan\u00e7as e transforma\u00e7\u00f5es pelas quais voc\u00ea est\u00e1 passando no seu novo (ou renovado) espa\u00e7o! Aproveite&#8230;<\/p>\n","protected":false},"author":1,"featured_media":0,"parent":0,"menu_order":0,"comment_status":"closed","ping_status":"closed","template":"page-elementor.php","meta":{"_acf_changed":false,"footnotes":""},"class_list":["post-4081","page","type-page","status-publish","hentry"],"acf":[],"yoast_head":"<!-- This site is optimized with the Yoast SEO plugin v27.4 - https:\/\/yoast.com\/product\/yoast-seo-wordpress\/ -->\n<title>Playlists - Marcia Debski Interiores<\/title>\n<meta name=\"robots\" content=\"index, follow, max-snippet:-1, max-image-preview:large, max-video-preview:-1\" \/>\n<link rel=\"canonical\" href=\"https:\/\/marciadebski.com.br\/site\/playlists\/\" \/>\n<meta property=\"og:locale\" content=\"pt_BR\" \/>\n<meta property=\"og:type\" content=\"article\" \/>\n<meta property=\"og:title\" content=\"Playlists - Marcia Debski Interiores\" \/>\n<meta property=\"og:description\" content=\"A m\u00fasica inspira, relaxa, anima, faz pensar, viajar, sonhar. Faz mudar! E pensando em tudo isso, preparei para voc\u00ea essas playlists especiais para esse momento de mudan\u00e7as e transforma\u00e7\u00f5es pelas quais voc\u00ea est\u00e1 passando no seu novo (ou renovado) espa\u00e7o! Aproveite&#8230;\" \/>\n<meta property=\"og:url\" content=\"https:\/\/marciadebski.com.br\/site\/playlists\/\" \/>\n<meta property=\"og:site_name\" content=\"Marcia Debski Interiores\" \/>\n<meta property=\"article:modified_time\" content=\"2021-10-20T18:56:50+00:00\" \/>\n<meta property=\"og:image\" content=\"https:\/\/marciadebski.com.br\/site\/wp-content\/uploads\/2021\/08\/1-1024x1024.jpg\" \/>\n<meta name=\"twitter:card\" content=\"summary_large_image\" \/>\n<meta name=\"twitter:label1\" content=\"Est. tempo de leitura\" \/>\n\t<meta name=\"twitter:data1\" content=\"1 minuto\" \/>\n<script type=\"application\/ld+json\" class=\"yoast-schema-graph\">{\"@context\":\"https:\\\/\\\/schema.org\",\"@graph\":[{\"@type\":\"WebPage\",\"@id\":\"https:\\\/\\\/marciadebski.com.br\\\/site\\\/playlists\\\/\",\"url\":\"https:\\\/\\\/marciadebski.com.br\\\/site\\\/playlists\\\/\",\"name\":\"Playlists - Marcia Debski Interiores\",\"isPartOf\":{\"@id\":\"https:\\\/\\\/marciadebski.com.br\\\/site\\\/#website\"},\"primaryImageOfPage\":{\"@id\":\"https:\\\/\\\/marciadebski.com.br\\\/site\\\/playlists\\\/#primaryimage\"},\"image\":{\"@id\":\"https:\\\/\\\/marciadebski.com.br\\\/site\\\/playlists\\\/#primaryimage\"},\"thumbnailUrl\":\"https:\\\/\\\/marciadebski.com.br\\\/site\\\/wp-content\\\/uploads\\\/2021\\\/08\\\/1-1024x1024.jpg\",\"datePublished\":\"2021-07-28T17:48:20+00:00\",\"dateModified\":\"2021-10-20T18:56:50+00:00\",\"breadcrumb\":{\"@id\":\"https:\\\/\\\/marciadebski.com.br\\\/site\\\/playlists\\\/#breadcrumb\"},\"inLanguage\":\"pt-BR\",\"potentialAction\":[{\"@type\":\"ReadAction\",\"target\":[\"https:\\\/\\\/marciadebski.com.br\\\/site\\\/playlists\\\/\"]}]},{\"@type\":\"ImageObject\",\"inLanguage\":\"pt-BR\",\"@id\":\"https:\\\/\\\/marciadebski.com.br\\\/site\\\/playlists\\\/#primaryimage\",\"url\":\"https:\\\/\\\/marciadebski.com.br\\\/site\\\/wp-content\\\/uploads\\\/2021\\\/08\\\/1.jpg\",\"contentUrl\":\"https:\\\/\\\/marciadebski.com.br\\\/site\\\/wp-content\\\/uploads\\\/2021\\\/08\\\/1.jpg\",\"width\":1080,\"height\":1080,\"caption\":\"Marcia Debski Ferreira - Designer de Interiores\"},{\"@type\":\"BreadcrumbList\",\"@id\":\"https:\\\/\\\/marciadebski.com.br\\\/site\\\/playlists\\\/#breadcrumb\",\"itemListElement\":[{\"@type\":\"ListItem\",\"position\":1,\"name\":\"In\u00edcio\",\"item\":\"https:\\\/\\\/marciadebski.com.br\\\/site\\\/\"},{\"@type\":\"ListItem\",\"position\":2,\"name\":\"Playlists\"}]},{\"@type\":\"WebSite\",\"@id\":\"https:\\\/\\\/marciadebski.com.br\\\/site\\\/#website\",\"url\":\"https:\\\/\\\/marciadebski.com.br\\\/site\\\/\",\"name\":\"Marcia Debski Ferreira - Designer de Interiores\",\"description\":\"Designer de Interiores\",\"publisher\":{\"@id\":\"https:\\\/\\\/marciadebski.com.br\\\/site\\\/#organization\"},\"potentialAction\":[{\"@type\":\"SearchAction\",\"target\":{\"@type\":\"EntryPoint\",\"urlTemplate\":\"https:\\\/\\\/marciadebski.com.br\\\/site\\\/?s={search_term_string}\"},\"query-input\":{\"@type\":\"PropertyValueSpecification\",\"valueRequired\":true,\"valueName\":\"search_term_string\"}}],\"inLanguage\":\"pt-BR\"},{\"@type\":\"Organization\",\"@id\":\"https:\\\/\\\/marciadebski.com.br\\\/site\\\/#organization\",\"name\":\"Marcia Debski Ferreira - Designer de Interiores\",\"url\":\"https:\\\/\\\/marciadebski.com.br\\\/site\\\/\",\"logo\":{\"@type\":\"ImageObject\",\"inLanguage\":\"pt-BR\",\"@id\":\"https:\\\/\\\/marciadebski.com.br\\\/site\\\/#\\\/schema\\\/logo\\\/image\\\/\",\"url\":\"https:\\\/\\\/marciadebski.com.br\\\/site\\\/wp-content\\\/uploads\\\/2021\\\/09\\\/MARCIA-DEBSKI.png\",\"contentUrl\":\"https:\\\/\\\/marciadebski.com.br\\\/site\\\/wp-content\\\/uploads\\\/2021\\\/09\\\/MARCIA-DEBSKI.png\",\"width\":798,\"height\":234,\"caption\":\"Marcia Debski Ferreira - Designer de Interiores\"},\"image\":{\"@id\":\"https:\\\/\\\/marciadebski.com.br\\\/site\\\/#\\\/schema\\\/logo\\\/image\\\/\"}}]}<\/script>\n<!-- \/ Yoast SEO plugin. -->","yoast_head_json":{"title":"Playlists - Marcia Debski Interiores","robots":{"index":"index","follow":"follow","max-snippet":"max-snippet:-1","max-image-preview":"max-image-preview:large","max-video-preview":"max-video-preview:-1"},"canonical":"https:\/\/marciadebski.com.br\/site\/playlists\/","og_locale":"pt_BR","og_type":"article","og_title":"Playlists - Marcia Debski Interiores","og_description":"A m\u00fasica inspira, relaxa, anima, faz pensar, viajar, sonhar. Faz mudar! E pensando em tudo isso, preparei para voc\u00ea essas playlists especiais para esse momento de mudan\u00e7as e transforma\u00e7\u00f5es pelas quais voc\u00ea est\u00e1 passando no seu novo (ou renovado) espa\u00e7o! Aproveite&#8230;","og_url":"https:\/\/marciadebski.com.br\/site\/playlists\/","og_site_name":"Marcia Debski Interiores","article_modified_time":"2021-10-20T18:56:50+00:00","og_image":[{"url":"https:\/\/marciadebski.com.br\/site\/wp-content\/uploads\/2021\/08\/1-1024x1024.jpg","type":"","width":"","height":""}],"twitter_card":"summary_large_image","twitter_misc":{"Est. tempo de leitura":"1 minuto"},"schema":{"@context":"https:\/\/schema.org","@graph":[{"@type":"WebPage","@id":"https:\/\/marciadebski.com.br\/site\/playlists\/","url":"https:\/\/marciadebski.com.br\/site\/playlists\/","name":"Playlists - Marcia Debski Interiores","isPartOf":{"@id":"https:\/\/marciadebski.com.br\/site\/#website"},"primaryImageOfPage":{"@id":"https:\/\/marciadebski.com.br\/site\/playlists\/#primaryimage"},"image":{"@id":"https:\/\/marciadebski.com.br\/site\/playlists\/#primaryimage"},"thumbnailUrl":"https:\/\/marciadebski.com.br\/site\/wp-content\/uploads\/2021\/08\/1-1024x1024.jpg","datePublished":"2021-07-28T17:48:20+00:00","dateModified":"2021-10-20T18:56:50+00:00","breadcrumb":{"@id":"https:\/\/marciadebski.com.br\/site\/playlists\/#breadcrumb"},"inLanguage":"pt-BR","potentialAction":[{"@type":"ReadAction","target":["https:\/\/marciadebski.com.br\/site\/playlists\/"]}]},{"@type":"ImageObject","inLanguage":"pt-BR","@id":"https:\/\/marciadebski.com.br\/site\/playlists\/#primaryimage","url":"https:\/\/marciadebski.com.br\/site\/wp-content\/uploads\/2021\/08\/1.jpg","contentUrl":"https:\/\/marciadebski.com.br\/site\/wp-content\/uploads\/2021\/08\/1.jpg","width":1080,"height":1080,"caption":"Marcia Debski Ferreira - Designer de Interiores"},{"@type":"BreadcrumbList","@id":"https:\/\/marciadebski.com.br\/site\/playlists\/#breadcrumb","itemListElement":[{"@type":"ListItem","position":1,"name":"In\u00edcio","item":"https:\/\/marciadebski.com.br\/site\/"},{"@type":"ListItem","position":2,"name":"Playlists"}]},{"@type":"WebSite","@id":"https:\/\/marciadebski.com.br\/site\/#website","url":"https:\/\/marciadebski.com.br\/site\/","name":"Marcia Debski Ferreira - Designer de Interiores","description":"Designer de Interiores","publisher":{"@id":"https:\/\/marciadebski.com.br\/site\/#organization"},"potentialAction":[{"@type":"SearchAction","target":{"@type":"EntryPoint","urlTemplate":"https:\/\/marciadebski.com.br\/site\/?s={search_term_string}"},"query-input":{"@type":"PropertyValueSpecification","valueRequired":true,"valueName":"search_term_string"}}],"inLanguage":"pt-BR"},{"@type":"Organization","@id":"https:\/\/marciadebski.com.br\/site\/#organization","name":"Marcia Debski Ferreira - Designer de Interiores","url":"https:\/\/marciadebski.com.br\/site\/","logo":{"@type":"ImageObject","inLanguage":"pt-BR","@id":"https:\/\/marciadebski.com.br\/site\/#\/schema\/logo\/image\/","url":"https:\/\/marciadebski.com.br\/site\/wp-content\/uploads\/2021\/09\/MARCIA-DEBSKI.png","contentUrl":"https:\/\/marciadebski.com.br\/site\/wp-content\/uploads\/2021\/09\/MARCIA-DEBSKI.png","width":798,"height":234,"caption":"Marcia Debski Ferreira - Designer de Interiores"},"image":{"@id":"https:\/\/marciadebski.com.br\/site\/#\/schema\/logo\/image\/"}}]}},"_links":{"self":[{"href":"https:\/\/marciadebski.com.br\/site\/wp-json\/wp\/v2\/pages\/4081","targetHints":{"allow":["GET"]}}],"collection":[{"href":"https:\/\/marciadebski.com.br\/site\/wp-json\/wp\/v2\/pages"}],"about":[{"href":"https:\/\/marciadebski.com.br\/site\/wp-json\/wp\/v2\/types\/page"}],"author":[{"embeddable":true,"href":"https:\/\/marciadebski.com.br\/site\/wp-json\/wp\/v2\/users\/1"}],"replies":[{"embeddable":true,"href":"https:\/\/marciadebski.com.br\/site\/wp-json\/wp\/v2\/comments?post=4081"}],"version-history":[{"count":43,"href":"https:\/\/marciadebski.com.br\/site\/wp-json\/wp\/v2\/pages\/4081\/revisions"}],"predecessor-version":[{"id":4877,"href":"https:\/\/marciadebski.com.br\/site\/wp-json\/wp\/v2\/pages\/4081\/revisions\/4877"}],"wp:attachment":[{"href":"https:\/\/marciadebski.com.br\/site\/wp-json\/wp\/v2\/media?parent=4081"}],"curies":[{"name":"wp","href":"https:\/\/api.w.org\/{rel}","templated":true}]}}